{"id":450,"date":"2014-05-13T15:08:30","date_gmt":"2014-05-13T15:08:30","guid":{"rendered":"https:\/\/wics-uk.com\/?page_id=450"},"modified":"2014-06-15T12:09:07","modified_gmt":"2014-06-15T12:09:07","slug":"nightclub","status":"publish","type":"page","link":"https:\/\/wics-italia.com\/index.php\/nightclub\/","title":{"rendered":"Nightclub"},"content":{"rendered":"<h2>La qualit\u00e0 e la tempestivit\u00e0 del servizio giocano un ruolo fondamentale soprattutto nelle aree VIP, dove la qualit\u00e0 del servizio offerto ha un\u2019importanza pari o addirittura superiore alla qualit\u00e0 delle bevande servite.<\/h2>\n<p>Per assicurarvi che i vostri clienti siano soddisfatti e garantire che l&#8217;atmosfera sia sempre piacevole vi consigliamo le nostre soluzioni di sistema wirelless di chiamata.<\/p>\n<div class=\"symple-column symple-one-half symple-column-first   symple-all\">\n<div class=\"portfolio-entry-description\">\n<h2><a title=\"Waiter Calling System\" href=\"https:\/\/wics-italia.com\/index.php\/services\/waiter-calling-system-3\/\" rel=\"bookmark\">Sistema Wireless di Chiamata Camerieri<\/a><\/h2>\n<p><a class=\"portfolio-entry-img-link\" title=\"Sistema Wireless di Chiamata Cameriere\" href=\"https:\/\/wics-italia.com\/index.php\/services\/waiter-calling-system-3\/\" rel=\"bookmark\"><img loading=\"lazy\" decoding=\"async\" src=\"https:\/\/wics-italia.com\/wp-content\/uploads\/2014\/05\/button-work.jpg\" alt=\"button-work\" width=\"700\" height=\"350\" class=\"aligncenter size-full wp-image-606\" srcset=\"https:\/\/wics-italia.com\/wp-content\/uploads\/2014\/05\/button-work.jpg 700w, https:\/\/wics-italia.com\/wp-content\/uploads\/2014\/05\/button-work-300x150.jpg 300w\" sizes=\"auto, (max-width: 700px) 100vw, 700px\" \/><\/a><\/p>\n<div class=\"portfolio-entry-excerpt\">Crearte un ambiente confortevole per i vostri clienti, fornite un servizio attento e puntuale, contribuendo a migliorare l\u2019immagine e la reputazione della vostra struttura!<\/div>\n<\/div>\n<\/div><div class=\"symple-column symple-one-half symple-column-last   symple-all\">\n<div class=\"portfolio-entry-description\">\n<h2><a href=\"https:\/\/wics-italia.com\/index.php\/services\/kitchen-bar-wireless-calling-system\/\" title=\"Kitchen\/Bar Wireless Calling System\" rel=\"bookmark\">Sistema Wireless di chiamata Cucina\/Bar<\/a><\/h2>\n<p><a href=\"https:\/\/wics-italia.com\/index.php\/services\/kitchen-bar-wireless-calling-system\/\" title=\"Kitchen\/Bar Wireless Calling System\" rel=\"bookmark\" class=\"portfolio-entry-img-link\"><img loading=\"lazy\" decoding=\"async\" src=\"https:\/\/wics-italia.com\/wp-content\/uploads\/2014\/05\/button-work1.jpg\" alt=\"button-work\" width=\"700\" height=\"350\" class=\"aligncenter size-full wp-image-609\" srcset=\"https:\/\/wics-italia.com\/wp-content\/uploads\/2014\/05\/button-work1.jpg 700w, https:\/\/wics-italia.com\/wp-content\/uploads\/2014\/05\/button-work1-300x150.jpg 300w\" sizes=\"auto, (max-width: 700px) 100vw, 700px\" \/><\/a><\/p>\n<div class=\"portfolio-entry-excerpt\">Avvertite i camerieri quando il cibo e le bevande sono pronti per il ritiro. Evitare inutili viaggi vesro la cucina e il bar, mantenendo il vostro staff a costantemente a disposizione dei clienti!<\/div>\n<\/div>\n<\/div>\n","protected":false},"excerpt":{"rendered":"<p>La qualit\u00e0 e la tempestivit\u00e0 del servizio giocano un ruolo fondamentale soprattutto nelle aree VIP, dove la qualit\u00e0 del servizio offerto ha un\u2019importanza pari o addirittura superiore alla qualit\u00e0 delle bevande servite. Per assicurarvi che i vostri clienti siano soddisfatti e garantire che l&#8217;atmosfera sia sempre piacevole vi consigliamo le nostre soluzioni di sistema wirelless [&hellip;]<\/p>\n","protected":false},"author":4,"featured_media":605,"parent":0,"menu_order":0,"comment_status":"closed","ping_status":"closed","template":"","meta":{"footnotes":""},"class_list":["post-450","page","type-page","status-publish","has-post-thumbnail","hentry"],"aioseo_notices":[],"_links":{"self":[{"href":"https:\/\/wics-italia.com\/index.php\/wp-json\/wp\/v2\/pages\/450","targetHints":{"allow":["GET"]}}],"collection":[{"href":"https:\/\/wics-italia.com\/index.php\/wp-json\/wp\/v2\/pages"}],"about":[{"href":"https:\/\/wics-italia.com\/index.php\/wp-json\/wp\/v2\/types\/page"}],"author":[{"embeddable":true,"href":"https:\/\/wics-italia.com\/index.php\/wp-json\/wp\/v2\/users\/4"}],"replies":[{"embeddable":true,"href":"https:\/\/wics-italia.com\/index.php\/wp-json\/wp\/v2\/comments?post=450"}],"version-history":[{"count":12,"href":"https:\/\/wics-italia.com\/index.php\/wp-json\/wp\/v2\/pages\/450\/revisions"}],"predecessor-version":[{"id":761,"href":"https:\/\/wics-italia.com\/index.php\/wp-json\/wp\/v2\/pages\/450\/revisions\/761"}],"wp:featuredmedia":[{"embeddable":true,"href":"https:\/\/wics-italia.com\/index.php\/wp-json\/wp\/v2\/media\/605"}],"wp:attachment":[{"href":"https:\/\/wics-italia.com\/index.php\/wp-json\/wp\/v2\/media?parent=450"}],"curies":[{"name":"wp","href":"https:\/\/api.w.org\/{rel}","templated":true}]}}