{"id":448,"date":"2014-05-13T15:06:28","date_gmt":"2014-05-13T15:06:28","guid":{"rendered":"https:\/\/wics-uk.com\/?page_id=448"},"modified":"2014-06-26T05:51:57","modified_gmt":"2014-06-26T05:51:57","slug":"hotel-and-resorts","status":"publish","type":"page","link":"https:\/\/wics-italia.com\/index.php\/hotel-and-resorts\/","title":{"rendered":"Hotels &#038; Resorts"},"content":{"rendered":"<p>Il nostro Sistemi Wireless di Chiamata Hotel &#038; Resort  consente di  migliorare la comunicazione tra il personale e gli ospiti. Con ospiti sempre pi\u00f9 esigenti e\u2019 richiesto il miglior servizio disponibile: hotel e resort hanno bisogno, quindi,  di metodi sempre piu\u2019 efficaci per soddisfare queste esigenze.<\/p>\n<h3><em>Sistema Wireless di Chiamata Ospiti <\/em><\/h3>\n<p>Il nostro Sistema Wireless di Chiamata Ospiti consente di segnalare immediatamente agli ospiti in attesa che la loro camera \u00e8 pronta. Gli ospiti non devono pi\u00f9 controllare continuamente alla ricezione, in quanto il personale pu\u00f2 contattarli subito ovunque si trovino.  Si tratta di uno strumento importante per migliorare il livello del servizio clienti.<\/p>\n<p><img loading=\"lazy\" decoding=\"async\" src=\"https:\/\/wics-italia.com\/wp-content\/uploads\/2014\/05\/WICS-R201.jpg\" alt=\"WICS-R20\" width=\"700\" height=\"350\" class=\"aligncenter size-full wp-image-594\" srcset=\"https:\/\/wics-italia.com\/wp-content\/uploads\/2014\/05\/WICS-R201.jpg 700w, https:\/\/wics-italia.com\/wp-content\/uploads\/2014\/05\/WICS-R201-300x150.jpg 300w\" sizes=\"auto, (max-width: 700px) 100vw, 700px\" \/><\/p>\n<h3><em>Sistema Wireless di Chiamata del Personale<\/em><\/h3>\n<p>Il nostro Sistema Wireless di Chiamata del Personale  consente di migliorare la comunicazione tra il personale, aumentandone l\u2019efficienza e  di ridurre i tempi di risposta. Migliore comunicazione equibvale a miglior efficienza e produttivita\u2019. Il personale addetto alle pulizie, alla manutenzione, alla reception o alla portineria pu\u00f2 essere immediatamente contattato con grande semplicit\u00e0, velocit\u00e0 e discrezione, ovunque si trovi.<\/p>\n<p><img loading=\"lazy\" decoding=\"async\" src=\"https:\/\/wics-italia.com\/wp-content\/uploads\/2014\/05\/WICS-R202.jpg\" alt=\"WICS-R20\" width=\"700\" height=\"350\" class=\"aligncenter size-full wp-image-596\" srcset=\"https:\/\/wics-italia.com\/wp-content\/uploads\/2014\/05\/WICS-R202.jpg 700w, https:\/\/wics-italia.com\/wp-content\/uploads\/2014\/05\/WICS-R202-300x150.jpg 300w\" sizes=\"auto, (max-width: 700px) 100vw, 700px\" \/><\/p>\n<h3><em>La soluzione ideale per le zone reception e bar, se incustodite:  <\/em><\/h3>\n<p>Il nostro sistema permette agli ospiti di chiamare l&#8217;addetto alla reception con la semplice pressione di un tasto. E &#8216;anche una soluzione semplice ed efficace per monitorare il bar quando e\u2019 incustodito: il sistema consente agli ospiti  di chiamare il barista ovunque si trovi, dal bar e \/ o dall&#8217;area lounge.  Niente pi\u00f9 perdite nei consumi  e clienti insoddisfatti.<\/p>\n<p><img loading=\"lazy\" decoding=\"async\" src=\"https:\/\/wics-italia.com\/wp-content\/uploads\/2014\/05\/WICS-R203.jpg\" alt=\"WICS-R20\" width=\"700\" height=\"350\" class=\"aligncenter size-full wp-image-598\" srcset=\"https:\/\/wics-italia.com\/wp-content\/uploads\/2014\/05\/WICS-R203.jpg 700w, https:\/\/wics-italia.com\/wp-content\/uploads\/2014\/05\/WICS-R203-300x150.jpg 300w\" sizes=\"auto, (max-width: 700px) 100vw, 700px\" \/><\/p>\n<h3><em>La soluzione ideale per sale conferenze: <\/em><\/h3>\n<p>I vostri clienti hanno bisogno di chiamare un membro del personale o un cameriere? Hanno bisogno di altre bevande? Hanno bisogno di aiuto se il proiettore ha smesso di funzionare? Hanno bisogno di personale che pulisca, se, per caso, si e\u2019 rovesciata una bibita? Con il nostro Sistema Wireless di Chiamata del Personale  i vostri clienti possono, in modo discreto e semplice, chiamare per l&#8217;assistenza, senza alcuna interruzione nel loro lavoro,  con la semplice pressione di un tasto.<\/p>\n<p><img loading=\"lazy\" decoding=\"async\" src=\"https:\/\/wics-italia.com\/wp-content\/uploads\/2014\/05\/WICS-R204.jpg\" alt=\"WICS-R20\" width=\"700\" height=\"350\" class=\"aligncenter size-full wp-image-600\" srcset=\"https:\/\/wics-italia.com\/wp-content\/uploads\/2014\/05\/WICS-R204.jpg 700w, https:\/\/wics-italia.com\/wp-content\/uploads\/2014\/05\/WICS-R204-300x150.jpg 300w\" sizes=\"auto, (max-width: 700px) 100vw, 700px\" \/><\/p>\n<h3><em>Sistema Wireless di Chiamata da Spiaggia e Bordo Piscina <\/em><\/h3>\n<p>Fornite un servizio su richiesta per i vostri ospiti. Questo sistema permette ai vostri ospiti di ordinare cibo e bevande o di richiedere assistenza senza dover lasciare la comodit\u00e0 della propria poltrona o i bambini incustoditi. Basta solo premere il pulsante di chiamata e il vostro personale viene immediatamente attivato con un messaggio sull\u2019 orologio-cercapersone che indossano.  Dal momento che \u00e8 cos\u00ec facile effettuare un ordine, si avra\u2019 un immediato incremento nel consumo di alimenti e bevande.<\/p>\n<p><img loading=\"lazy\" decoding=\"async\" src=\"https:\/\/wics-italia.com\/wp-content\/uploads\/2014\/05\/WICS-R205.jpg\" alt=\"WICS-R20\" width=\"700\" height=\"350\" class=\"aligncenter size-full wp-image-602\" srcset=\"https:\/\/wics-italia.com\/wp-content\/uploads\/2014\/05\/WICS-R205.jpg 700w, https:\/\/wics-italia.com\/wp-content\/uploads\/2014\/05\/WICS-R205-300x150.jpg 300w\" sizes=\"auto, (max-width: 700px) 100vw, 700px\" \/><\/p>\n<h3> Vantaggi <\/h3>\n<ul>\n<li><em>Incremento consumi cibi &#038; bevenda<\/em> &#8211; Un servizio pi\u00f9 rapido significa tempi di attesa pi\u00f9 brevi per i clienti ed un conseguente incremento del reddito della vostra struttura. I nostri clienti hanno segnalato un incremento del fatturato di circa il 18 %!<\/li>\n<li><em>Migliorare il servizio clienti<\/em> &#8211; Facile da usare: gli ospiti per essere serviti, devono solo premere il pulsante di chiamata, senza dover cercare un membro del personale tantando poi di catturarne l\u2019attenzione, cosa quanto mai frustrante. Il personale di servizio puo\u2019 ricevere le informazioni di chiamata tempestivamente sul loro orologio-cercapersone e fornire un servizio puntuale senza interruzioni . Con il nostro sistema si contribuisce a creare un ambiente tranquillo e rilassato.\n<\/li>\n<li><em>Migliorare la soddisfazione del cliente<\/em> \u2013 L\u2019efficienza delle comunicazioni tra il personale porta a migliorare il servizio ed ad aumentare in generale la soddisfazione del cliente.<\/li>\n<li><em>Incrementare l\u2019efficienza e produttivit\u00e0 del personale<\/em> \u2013 Una semplice comunicazione e il coordinamento tra il personale garantiscono una migliore assistenza globale per gli ospiti, incremento del numero degli ospiti e, quindi, maggiori per l&#8217;azienda.<\/li>\n<\/ul>\n","protected":false},"excerpt":{"rendered":"<p>Il nostro Sistemi Wireless di Chiamata Hotel &#038; Resort consente di migliorare la comunicazione tra il personale e gli ospiti. Con ospiti sempre pi\u00f9 esigenti e\u2019 richiesto il miglior servizio disponibile: hotel e resort hanno bisogno, quindi, di metodi sempre piu\u2019 efficaci per soddisfare queste esigenze. Sistema Wireless di Chiamata Ospiti Il nostro Sistema Wireless [&hellip;]<\/p>\n","protected":false},"author":4,"featured_media":591,"parent":0,"menu_order":0,"comment_status":"closed","ping_status":"closed","template":"","meta":{"footnotes":""},"class_list":["post-448","page","type-page","status-publish","has-post-thumbnail","hentry"],"aioseo_notices":[],"_links":{"self":[{"href":"https:\/\/wics-italia.com\/index.php\/wp-json\/wp\/v2\/pages\/448","targetHints":{"allow":["GET"]}}],"collection":[{"href":"https:\/\/wics-italia.com\/index.php\/wp-json\/wp\/v2\/pages"}],"about":[{"href":"https:\/\/wics-italia.com\/index.php\/wp-json\/wp\/v2\/types\/page"}],"author":[{"embeddable":true,"href":"https:\/\/wics-italia.com\/index.php\/wp-json\/wp\/v2\/users\/4"}],"replies":[{"embeddable":true,"href":"https:\/\/wics-italia.com\/index.php\/wp-json\/wp\/v2\/comments?post=448"}],"version-history":[{"count":14,"href":"https:\/\/wics-italia.com\/index.php\/wp-json\/wp\/v2\/pages\/448\/revisions"}],"predecessor-version":[{"id":897,"href":"https:\/\/wics-italia.com\/index.php\/wp-json\/wp\/v2\/pages\/448\/revisions\/897"}],"wp:featuredmedia":[{"embeddable":true,"href":"https:\/\/wics-italia.com\/index.php\/wp-json\/wp\/v2\/media\/591"}],"wp:attachment":[{"href":"https:\/\/wics-italia.com\/index.php\/wp-json\/wp\/v2\/media?parent=448"}],"curies":[{"name":"wp","href":"https:\/\/api.w.org\/{rel}","templated":true}]}}