{"id":446,"date":"2014-05-13T15:00:01","date_gmt":"2014-05-13T15:00:01","guid":{"rendered":"https:\/\/wics-uk.com\/?page_id=446"},"modified":"2014-06-26T08:01:10","modified_gmt":"2014-06-26T08:01:10","slug":"spa-beauty-centres","status":"publish","type":"page","link":"https:\/\/wics-italia.com\/index.php\/spa-beauty-centres\/","title":{"rendered":"Spa &#038; Centri Estetici"},"content":{"rendered":"<p>Il nostro Sistemi Wireless di Chiamata SPA &#038; Centri Estetici consente ai clienti di chiamare il personale di servizio direttamente e comodamente delle loro sale per trattamenti. Con i nostri sistemi il personale spender\u00e0 meno tempo in giro e pi\u00f9 tempo con i vostri clienti, permettendo un servizio pi\u00f9 veloce e pi\u00f9 efficiente, migliorando la soddisfazione dei clienti, riducendo i costi di gestione ed incrementando cos\u00ec il reddito. <\/p>\n<p>Quando il cliente ha completato un trattamento  o semplicemente ha bisogno di assistenza, deve solo premere il tasto di chiamata, senza la necessita\u2019 di cercare un membro del personale.  Il nostro Sistemi Wireless di Chiamata SPA &#038; Centri Estetici vi  aiutera\u2019 a migliore e ottimizzare la comunicazione tra membri del personale e quindi la produttivit\u00e0: si consente cosi\u2019 al personale di contattare un altro membro del personale se c\u2019e\u2019 bisogno di assistenza o di segnalare con facilit\u00e0 alla ricezione quando si e\u2019pronti per il prossimo cliente, senza la necessit\u00e0 di lasciare la sala di trattamento.<\/p>\n<h3>\nVantaggi: <\/h3>\n<ul>\n<li><em>Aumento della privacy<\/em> &#8211; Il nostro Sistemi Wireless di Chiamata SPA &#038; Centri Estetici permette ai vostri clienti di avvisare il personale, in modo discreto, quando sono pronti per il trattamento.<\/li>\n<li><em>Assistenza piu\u2019 rapida<\/em> &#8211; Con il nostro Sistemi Wireless di Chiamata SPA &#038; Centri Estetici si assicura una risposta rapida e veloce del personale, migliorandone l&#8217;efficienza.<\/li>\n<li><em>Atmosfera piu\u2019 rilassata<\/em> &#8211; Il nostro Sistemi Wireless di Chiamata SPA &#038; Centri Estetici vi aiutera\u2019 a creare un\u2019atmosfera piu\u2019 serena e rilassante all&#8217;interno dell vostra struttra.<\/li>\n<li><em>Migliorata comunicazione interna e produttivit\u00e0<\/em> \u2013 Si facilita la comunicazione globale all&#8217;interno della vostra struttura. Il personale chiave pu\u00f2 essere raggiunto rapidamente quando arrivano gli appuntamenti o sorgono dei problemi.<\/li>\n<li><em>Migliorare il comfort e la soddisfazione del cliente<\/em> &#8211; Il nostro Sistemi Wireless di Chiamata SPA &#038; Centri Estetici \u00e8 dinamico, la comunicazione istantanea. Il vostro personale \u00e8 messo nella condizione di poter rispondere rapidamente alle richieste dei clienti, che saranno cosi\u2019 tranquilli e sereni.<\/li>\n<li><em>Semplicit\u00e0<\/em> &#8211; Estremamente semplice da usare, senza fili e minimi costi di gestione. Gli orologi-cercapersone possono essere programmati per visualizzare solo le chiamate provenienti da aree designate, evitando risposte multiple del personale alla stessa chiamata: ogni componente del personale, infatti, avra\u2019 una area\/dipartimento da coprire.<\/li>\n<li> <em>Aumentare l&#8217;efficienza<\/em> \u2013 Una semplice comunicazione e il rapido coordinamento tra il personale significa una migliore assistenza globale per i vostri clienti: pi\u00f9 clienti, e quindi, maggiori profitti per l&#8217;azienda.<\/li>\n<\/ul>\n","protected":false},"excerpt":{"rendered":"<p>Il nostro Sistemi Wireless di Chiamata SPA &#038; Centri Estetici consente ai clienti di chiamare il personale di servizio direttamente e comodamente delle loro sale per trattamenti. Con i nostri sistemi il personale spender\u00e0 meno tempo in giro e pi\u00f9 tempo con i vostri clienti, permettendo un servizio pi\u00f9 veloce e pi\u00f9 efficiente, migliorando la [&hellip;]<\/p>\n","protected":false},"author":4,"featured_media":604,"parent":0,"menu_order":0,"comment_status":"closed","ping_status":"closed","template":"","meta":{"footnotes":""},"class_list":["post-446","page","type-page","status-publish","has-post-thumbnail","hentry"],"aioseo_notices":[],"_links":{"self":[{"href":"https:\/\/wics-italia.com\/index.php\/wp-json\/wp\/v2\/pages\/446","targetHints":{"allow":["GET"]}}],"collection":[{"href":"https:\/\/wics-italia.com\/index.php\/wp-json\/wp\/v2\/pages"}],"about":[{"href":"https:\/\/wics-italia.com\/index.php\/wp-json\/wp\/v2\/types\/page"}],"author":[{"embeddable":true,"href":"https:\/\/wics-italia.com\/index.php\/wp-json\/wp\/v2\/users\/4"}],"replies":[{"embeddable":true,"href":"https:\/\/wics-italia.com\/index.php\/wp-json\/wp\/v2\/comments?post=446"}],"version-history":[{"count":12,"href":"https:\/\/wics-italia.com\/index.php\/wp-json\/wp\/v2\/pages\/446\/revisions"}],"predecessor-version":[{"id":901,"href":"https:\/\/wics-italia.com\/index.php\/wp-json\/wp\/v2\/pages\/446\/revisions\/901"}],"wp:featuredmedia":[{"embeddable":true,"href":"https:\/\/wics-italia.com\/index.php\/wp-json\/wp\/v2\/media\/604"}],"wp:attachment":[{"href":"https:\/\/wics-italia.com\/index.php\/wp-json\/wp\/v2\/media?parent=446"}],"curies":[{"name":"wp","href":"https:\/\/api.w.org\/{rel}","templated":true}]}}