{"id":412,"date":"2014-05-13T10:44:51","date_gmt":"2014-05-13T10:44:51","guid":{"rendered":"https:\/\/wics-uk.com\/?page_id=412"},"modified":"2014-07-07T07:11:28","modified_gmt":"2014-07-07T07:11:28","slug":"beaches-swimming-pools-solariums","status":"publish","type":"page","link":"https:\/\/wics-italia.com\/index.php\/beaches-swimming-pools-solariums\/","title":{"rendered":"SPIAGGE, PISCINE e SOLARIUM"},"content":{"rendered":"<p>Ti sei mai trovato a sentirti frustrato, cercando di catturare l&#8217;attenzione del cameriere solo per avere un altro drink? Saltare un altro drink poich\u00e8 nessun cameriere era disponibile? Hai mai evitato di acquistare un gelato per il tuo bambino, non volendo lasciare i tuoi  oggetti di valore incustoditi sulla spiaggia? Non hai mai rinunciato a lasciare la mancia indispettito per avere atteso lungamente il conto? Per garantire che i tuoi clienti abbiano sempre il migliore e pi\u00f9 efficiente servizio, al fine di evitare il loro disappunto, di aumentare i consumi, di aumentare il numero di clienti affezionati, hai bisogno di WiCS! Offriamo un ottimo sistema che far\u00e0 risparmiare tempo e denaro, aumenter\u00e0 la produttivit\u00e0 e far\u00e0 crescere il reddito rendendo sempre soddisfatti i tuoi clienti!<\/p>\n<div class=\"symple-column symple-one-half symple-column-first   symple-all\">\n<div class=\"portfolio-entry-description\">\n<h2><a title=\"Sistema Wireless di Chiamata da Ombrellone\" href=\"https:\/\/wics-italia.com\/index.php\/services\/call-from-parasol-system\/\" rel=\"bookmark\">Sistema Wireless di Chiamata da Ombrellone <\/a><\/h2>\n<p><a class=\"portfolio-entry-img-link\" title=\"Call from Parasol System\" href=\"https:\/\/wics-italia.com\/index.php\/services\/call-from-parasol-system\/\" rel=\"bookmark\"><img loading=\"lazy\" decoding=\"async\" src=\"https:\/\/wics-italia.com\/wp-content\/uploads\/2014\/05\/button-work24.jpg\" alt=\"button-work2\" width=\"700\" height=\"350\" class=\"aligncenter size-full wp-image-709\" srcset=\"https:\/\/wics-italia.com\/wp-content\/uploads\/2014\/05\/button-work24.jpg 700w, https:\/\/wics-italia.com\/wp-content\/uploads\/2014\/05\/button-work24-300x150.jpg 300w\" sizes=\"auto, (max-width: 700px) 100vw, 700px\" \/><\/a><\/p>\n<div class=\"portfolio-entry-excerpt\">\nPermettete ai vostri clienti di chiamare il personale di servizio direttamente dalla comodit\u00e0 dei  loro lettini, sdraio, piscina, ombrelloni!<\/p>\n<\/div>\n<\/div>\n<\/div><div class=\"symple-column symple-one-half symple-column-last   symple-all\">\n<div class=\"portfolio-entry-description\">\n<h2><a title=\"Sistema Wireless di Chiamata Cucina\/Bar\" href=\"https:\/\/wics-italia.com\/index.php\/services\/kitchen-bar-wireless-calling-system\/\" rel=\"bookmark\">Sistema Wireless di Chiamata Cucina\/Bar<\/a><\/h2>\n<p><a class=\"portfolio-entry-img-link\" title=\"Sistema Wireless di Chiamata Cucina\/Bar\" href=\"https:\/\/wics-italia.com\/index.php\/services\/kitchen-bar-wireless-calling-system\/\" rel=\"bookmark\"><img loading=\"lazy\" decoding=\"async\" class=\"aligncenter size-full wp-image-609\" src=\"https:\/\/wics-italia.com\/wp-content\/uploads\/2014\/05\/button-work1.jpg\" alt=\"button-work\" width=\"700\" height=\"350\" srcset=\"https:\/\/wics-italia.com\/wp-content\/uploads\/2014\/05\/button-work1.jpg 700w, https:\/\/wics-italia.com\/wp-content\/uploads\/2014\/05\/button-work1-300x150.jpg 300w\" sizes=\"auto, (max-width: 700px) 100vw, 700px\" \/><\/a><\/p>\n<div class=\"portfolio-entry-excerpt\">\nServire cibo e bevande alla giusta temperatura, lasciando il personale di servizio a continua disposizione dei clienti! Con il nostro  Sistema Wireless di Chiamata Cucina\/Bar eviterete di servire cibo e bevande alla temperatura sbagliata segnalando ai camerieri quando sono pronti per il ritiro, evitando cos\u00ec viaggi inutili verso la cucina o il bar.<\/p>\n<\/div>\n<\/div>\n<\/div>\n","protected":false},"excerpt":{"rendered":"<p>Ti sei mai trovato a sentirti frustrato, cercando di catturare l&#8217;attenzione del cameriere solo per avere un altro drink? Saltare un altro drink poich\u00e8 nessun cameriere era disponibile? Hai mai evitato di acquistare un gelato per il tuo bambino, non volendo lasciare i tuoi oggetti di valore incustoditi sulla spiaggia? Non hai mai rinunciato a [&hellip;]<\/p>\n","protected":false},"author":4,"featured_media":620,"parent":0,"menu_order":0,"comment_status":"closed","ping_status":"closed","template":"","meta":{"footnotes":""},"class_list":["post-412","page","type-page","status-publish","has-post-thumbnail","hentry"],"aioseo_notices":[],"_links":{"self":[{"href":"https:\/\/wics-italia.com\/index.php\/wp-json\/wp\/v2\/pages\/412","targetHints":{"allow":["GET"]}}],"collection":[{"href":"https:\/\/wics-italia.com\/index.php\/wp-json\/wp\/v2\/pages"}],"about":[{"href":"https:\/\/wics-italia.com\/index.php\/wp-json\/wp\/v2\/types\/page"}],"author":[{"embeddable":true,"href":"https:\/\/wics-italia.com\/index.php\/wp-json\/wp\/v2\/users\/4"}],"replies":[{"embeddable":true,"href":"https:\/\/wics-italia.com\/index.php\/wp-json\/wp\/v2\/comments?post=412"}],"version-history":[{"count":20,"href":"https:\/\/wics-italia.com\/index.php\/wp-json\/wp\/v2\/pages\/412\/revisions"}],"predecessor-version":[{"id":938,"href":"https:\/\/wics-italia.com\/index.php\/wp-json\/wp\/v2\/pages\/412\/revisions\/938"}],"wp:featuredmedia":[{"embeddable":true,"href":"https:\/\/wics-italia.com\/index.php\/wp-json\/wp\/v2\/media\/620"}],"wp:attachment":[{"href":"https:\/\/wics-italia.com\/index.php\/wp-json\/wp\/v2\/media?parent=412"}],"curies":[{"name":"wp","href":"https:\/\/api.w.org\/{rel}","templated":true}]}}