{"id":406,"date":"2014-05-13T08:16:36","date_gmt":"2014-05-13T08:16:36","guid":{"rendered":"https:\/\/wics-uk.com\/?page_id=406"},"modified":"2014-06-23T21:25:35","modified_gmt":"2014-06-23T21:25:35","slug":"health-fitness-centres","status":"publish","type":"page","link":"https:\/\/wics-italia.com\/index.php\/health-fitness-centres\/","title":{"rendered":"Centri Benessere &#038; Palestre"},"content":{"rendered":"<h3>Il nostro Sistemi Wireless di Chiamata Centri Benessere &#038; Palestre consente ai clienti di contattare un istruttore  o un membro del personale da qualsiasi reparto  e da qualsiasi sala. Diventando i centri benessere e fitness sempre pi\u00f9 popolari, \u00e8 di vitale importanza dare ai vostri clienti immediata assistenza quando ne hanno bisogno. <\/h3>\n<hr \/>\n<p>Il nostro sistema vi aiuter\u00e0 a dare alla vostra struttura notevole vantaggio rispetto alla concorrenza, consentendo ai clienti, quando hanno bisogno di assistenza, di chiamare immediatamente e comodamente gli operatori.<br \/>\nIl coordinamento tra clienti e istruttori, dietisti e altri specialisti pu\u00f2 rappresentare una difficile sfida. Con  il nostro Sistemi Wireless di Chiamata Centri Benessere &#038; Palestre, \u00e8 possibile mantenere il vostro personale organizzato ed efficiente riducendo la maggior parte delle difficolta. Mantenete il vostro personale  in comunicazione costante, sempre informato, indipendentemente da dove si trovi.<\/p>\n<h3> Vantaggi <\/h3>\n<ul>\n<li><em>Assistenza piu\u2019 rapida<\/em> &#8211; Con il nostro Sistemi Wireless di Chiamata Centri Benessere &#038; Palestre si assicura una risposta rapida e veloce del personale, migliorandone l&#8217;efficienza.<\/li>\n<li><em>Migliorare il servizio clienti<\/em> &#8211; Facile da usare, i clienti devono solo premere il pulsante di chiamata per richiedere assistenza. I clienti sono pi\u00f9 rilassati e soddisfatti , mentre l&#8217;ambiente \u00e8 pi\u00f9 tranquillo.<\/li>\n<li><em>Ridurre il numero del personale<\/em> &#8211; Si e\u2019 in grado di gestire una zona pi\u00f9 ampia con minore personale. Si migliora l&#8217;efficienza del personale , e si riduce il numero di persone necessarie.<\/li>\n<li><em>Ridurre l&#8217;inquinamento acustico<\/em> &#8211; Con il nostro Sistemi Wireless di Chiamata Centri Benessere &#038; Palestre gli istruttori e gli altri membri del personale possono essere contattati in modo discreto, riducendo cosi\u2019 il numero degli annunci pubblici ed i costi legati ai tradizionali metodi di comunicazione interna.<\/li>\n<li><em>Semplicit\u00e0 e costi contenuti<\/em> &#8211; Estremamente semplice da usare, senza fili e minimi costi di gestione. Gli orologi-cercapersone possono essere programmati per visualizzare solo le chiamate provenienti da aree designate, evitando risposte multiple del personale alla stessa chiamata: ogni componente del personale, infatti, avra\u2019 una area\/dipartimento da coprire.<\/li>\n<li><em>Eccezionale portata del segnale<\/em>: Il personale puo\u2019 essere raggiunto ovunque si trovi<\/li>\n<\/ul>\n","protected":false},"excerpt":{"rendered":"<p>Il nostro Sistemi Wireless di Chiamata Centri Benessere &#038; Palestre consente ai clienti di contattare un istruttore o un membro del personale da qualsiasi reparto e da qualsiasi sala. Diventando i centri benessere e fitness sempre pi\u00f9 popolari, \u00e8 di vitale importanza dare ai vostri clienti immediata assistenza quando ne hanno bisogno. Il nostro sistema [&hellip;]<\/p>\n","protected":false},"author":4,"featured_media":633,"parent":0,"menu_order":0,"comment_status":"closed","ping_status":"closed","template":"","meta":{"footnotes":""},"class_list":["post-406","page","type-page","status-publish","has-post-thumbnail","hentry"],"aioseo_notices":[],"_links":{"self":[{"href":"https:\/\/wics-italia.com\/index.php\/wp-json\/wp\/v2\/pages\/406","targetHints":{"allow":["GET"]}}],"collection":[{"href":"https:\/\/wics-italia.com\/index.php\/wp-json\/wp\/v2\/pages"}],"about":[{"href":"https:\/\/wics-italia.com\/index.php\/wp-json\/wp\/v2\/types\/page"}],"author":[{"embeddable":true,"href":"https:\/\/wics-italia.com\/index.php\/wp-json\/wp\/v2\/users\/4"}],"replies":[{"embeddable":true,"href":"https:\/\/wics-italia.com\/index.php\/wp-json\/wp\/v2\/comments?post=406"}],"version-history":[{"count":11,"href":"https:\/\/wics-italia.com\/index.php\/wp-json\/wp\/v2\/pages\/406\/revisions"}],"predecessor-version":[{"id":867,"href":"https:\/\/wics-italia.com\/index.php\/wp-json\/wp\/v2\/pages\/406\/revisions\/867"}],"wp:featuredmedia":[{"embeddable":true,"href":"https:\/\/wics-italia.com\/index.php\/wp-json\/wp\/v2\/media\/633"}],"wp:attachment":[{"href":"https:\/\/wics-italia.com\/index.php\/wp-json\/wp\/v2\/media?parent=406"}],"curies":[{"name":"wp","href":"https:\/\/api.w.org\/{rel}","templated":true}]}}