{"id":349,"date":"2014-05-13T03:35:49","date_gmt":"2014-05-13T03:35:49","guid":{"rendered":"https:\/\/wics-uk.com\/?page_id=349"},"modified":"2014-06-27T21:19:27","modified_gmt":"2014-06-27T21:19:27","slug":"restaurants","status":"publish","type":"page","link":"https:\/\/wics-italia.com\/index.php\/restaurants\/","title":{"rendered":"Ristoranti"},"content":{"rendered":"<h2>Un servizio rapido ed efficiente \u00e8 senza dubbio un valore aggiunto alla bont\u00e0 e squisitezza di quanto fornito, all\u2019eleganza del luogo e dell\u2019accoglienza. Tutto ci\u00f2 rende soddisfatto anche il cliente pi\u00f9 esigente.<\/p>\n<p>Con i nostri sistemi di chiamata wireless si migliora la rapidit\u00e0 e l\u2019efficienza del servizio.<\/h2>\n<hr \/>\n<div class=\"symple-column symple-one-half symple-column-first   symple-all\">\n<div class=\"portfolio-entry-description\">\n<h2><a title=\"Waiter Calling System\" href=\"https:\/\/wics-italia.com\/index.php\/services\/waiter-calling-system\/\" rel=\"bookmark\">Sistema Wireless di Chiamata Cameriere <\/a><\/h2>\n<p><a class=\"portfolio-entry-img-link\" href=\"https:\/\/wics-italia.com\/index.php\/services\/waiter-calling-system\/\"><img loading=\"lazy\" decoding=\"async\" class=\"alignnone size-full wp-image-572\" src=\"https:\/\/wics-italia.com\/wp-content\/uploads\/2014\/05\/Untitled-11.jpg\" alt=\"Untitled-1\" width=\"300\" height=\"150\" \/><\/a><\/p>\n<div class=\"portfolio-entry-excerpt\">Date ai vostri clienti la possibilit\u00e0 di chiamare il cameriere se hanno bisogno di qualcosa subito! Non avrete pi\u00f9 clienti insoddisfatti per le lunghe attese!<\/div>\n<\/div>\n<\/div>\n<div class=\"symple-column symple-one-half symple-column-last   symple-all\">\n<div class=\"portfolio-entry-description\">\n<h2><a title=\"Led Calling System\" href=\"https:\/\/wics-italia.com\/index.php\/services\/led-calling-system\/\" rel=\"bookmark\">Sistema Wireless di Chiamata a Display<\/a><\/h2>\n<p><a class=\"portfolio-entry-img-link\" title=\"Led Calling System\" href=\"https:\/\/wics-italia.com\/index.php\/services\/led-calling-system\/\" rel=\"bookmark\"><img loading=\"lazy\" decoding=\"async\" class=\"alignnone size-medium wp-image-552\" src=\"https:\/\/wics-italia.com\/wp-content\/uploads\/2014\/05\/led-calling-system11-300x150.jpg\" alt=\"led-calling-system1\" width=\"300\" height=\"150\" srcset=\"https:\/\/wics-italia.com\/wp-content\/uploads\/2014\/05\/led-calling-system11-300x150.jpg 300w, https:\/\/wics-italia.com\/wp-content\/uploads\/2014\/05\/led-calling-system11.jpg 700w\" sizes=\"auto, (max-width: 300px) 100vw, 300px\" \/><\/a><\/p>\n<div class=\"portfolio-entry-excerpt\">\n<p>Un display avverte i camerieri con un segnale visivo e sonoro quando un cliente ha bisogno di qualcosa. Migliorate il livello di soddisfazione dei vostri clienti con i nostri sistemi wireless di chiamata a display!<\/p>\n<\/div>\n<\/div>\n<\/div>\n<div class=\"symple-column symple-one-half symple-column-first   symple-all\">\n<div class=\"portfolio-entry-description\">\n<h2><a title=\"Sistema Wireless di Chiamata Cucina\" href=\"https:\/\/wics-italia.com\/index.php\/services\/kitchen-wireless-calling-system\/\" rel=\"bookmark\">Sistema Wireless di chiamata Cucina<\/a><\/h2>\n<p><a class=\"portfolio-entry-img-link\" title=\"Sistema Wireless di chiamata Cucina\" href=\"https:\/\/wics-italia.com\/index.php\/services\/kitchen-wireless-calling-system\/\" rel=\"bookmark\"><img decoding=\"async\" class=\"portfolio-entry-img\" src=\"https:\/\/wics-italia.com\/wp-content\/uploads\/2014\/05\/kitchen-wireless-calling-system.jpg\" alt=\"Sistema Wireless di chiamata Cucina\" \/><\/a><\/p>\n<div class=\"portfolio-entry-excerpt\">Siete orgogliosi della qualit\u00e0 del vostro cibo? Noi assicuriamo che i vostri clienti lo ricevano caldo. Servire il cibo alla giusta temperatura \u00e8 essenziale per mantenere alta la soddisfazione dei vostri clienti. I camerieri saranno costantemente a disposizione dei vostri clienti in quanto il nostro sistema wireless di chiamate cucina li avvertir\u00e0 quando il cibo \u00e8 pronto per il ritiro. In questo modo non solo si eviter\u00e0 di servire cibo alla temperatura sbagliata, ma anche evitare viaggi inutili verso la cucina lasciando i clienti privi di assistenza.<\/div>\n<\/div>\n<\/div>\n<div class=\"symple-column symple-one-half symple-column-last   symple-all\">\n<div class=\"portfolio-entry-description\">\n<h2><a title=\"Waiters Monitoring System\" href=\"https:\/\/wics-italia.com\/index.php\/services\/waiter-calling-system-2\/\" rel=\"bookmark\">Sistema di Monitoraggio Camerieri<\/a><\/h2>\n<p><a class=\"portfolio-entry-img-link\" title=\"Waiters Monitoring System\" href=\"https:\/\/wics-italia.com\/index.php\/services\/waiter-calling-system-2\/\" rel=\"bookmark\"><img decoding=\"async\" class=\"portfolio-entry-img\" src=\"https:\/\/wics-italia.com\/wp-content\/uploads\/2014\/05\/monitoring-system.jpg\" alt=\"Waiters Monitoring System\" \/><\/a><\/p>\n<div class=\"portfolio-entry-excerpt\">Monitorando le prestazioni ed i progressi dei vostri camerieri nel corso delle settimane, sar\u00e0 facile identificare i possibili problemi da affrontare.<\/div>\n<\/div>\n<\/div>\n","protected":false},"excerpt":{"rendered":"<p>Un servizio rapido ed efficiente \u00e8 senza dubbio un valore aggiunto alla bont\u00e0 e squisitezza di quanto fornito, all\u2019eleganza del luogo e dell\u2019accoglienza. Tutto ci\u00f2 rende soddisfatto anche il cliente pi\u00f9 esigente. Con i nostri sistemi di chiamata wireless si migliora la rapidit\u00e0 e l\u2019efficienza del servizio.<\/p>\n","protected":false},"author":4,"featured_media":574,"parent":0,"menu_order":0,"comment_status":"closed","ping_status":"closed","template":"","meta":{"footnotes":""},"class_list":["post-349","page","type-page","status-publish","has-post-thumbnail","hentry"],"aioseo_notices":[],"_links":{"self":[{"href":"https:\/\/wics-italia.com\/index.php\/wp-json\/wp\/v2\/pages\/349","targetHints":{"allow":["GET"]}}],"collection":[{"href":"https:\/\/wics-italia.com\/index.php\/wp-json\/wp\/v2\/pages"}],"about":[{"href":"https:\/\/wics-italia.com\/index.php\/wp-json\/wp\/v2\/types\/page"}],"author":[{"embeddable":true,"href":"https:\/\/wics-italia.com\/index.php\/wp-json\/wp\/v2\/users\/4"}],"replies":[{"embeddable":true,"href":"https:\/\/wics-italia.com\/index.php\/wp-json\/wp\/v2\/comments?post=349"}],"version-history":[{"count":34,"href":"https:\/\/wics-italia.com\/index.php\/wp-json\/wp\/v2\/pages\/349\/revisions"}],"predecessor-version":[{"id":927,"href":"https:\/\/wics-italia.com\/index.php\/wp-json\/wp\/v2\/pages\/349\/revisions\/927"}],"wp:featuredmedia":[{"embeddable":true,"href":"https:\/\/wics-italia.com\/index.php\/wp-json\/wp\/v2\/media\/574"}],"wp:attachment":[{"href":"https:\/\/wics-italia.com\/index.php\/wp-json\/wp\/v2\/media?parent=349"}],"curies":[{"name":"wp","href":"https:\/\/api.w.org\/{rel}","templated":true}]}}